{"id":8,"date":"2026-02-19T14:49:44","date_gmt":"2026-02-19T13:49:44","guid":{"rendered":"http:\/\/transportkurs.no\/?page_id=8"},"modified":"2026-02-20T14:34:04","modified_gmt":"2026-02-20T13:34:04","slug":"transportkurs","status":"publish","type":"page","link":"https:\/\/transportkurs.no\/","title":{"rendered":"Transportkurs"},"content":{"rendered":"\n<div class=\"wp-block-group tk-hero\"><div class=\"wp-block-group__inner-container is-layout-flow wp-block-group-is-layout-flow\"><div class=\"tk-hero__inner\"><div><div class=\"tk-breadcrumb\"><a href=\"\/\">Hjem<\/a> \/ Kursoversikt<\/div><h1>Finn riktig kurs for logistikk og transport<\/h1><p>ADR, YSK, truck, f\u00f8rstehjelp og flere sertifiseringer samlet p\u00e5 ett sted. Transportkurs.no viser deg kravene, kursleverand\u00f8rer og hvordan du melder deg p\u00e5.<\/p><\/div><div>    <form class=\"tk-course-search\" action=\"https:\/\/transportkurs.no\/\" method=\"get\" role=\"search\" aria-label=\"Finn kurs\">\n        <label for=\"tk-course-query\">Finn kurs<\/label>\n        <div class=\"tk-course-search__controls\">\n            <input type=\"search\" id=\"tk-course-query\" name=\"s\" placeholder=\"S\u00f8k etter kurs (ADR, YSK, truck...)\" required>\n            <select name=\"kurs-type\" aria-label=\"Velg kurstype\">\n                <option value=\"\">Alle kategorier<\/option>\n                <option value=\"adr\">ADR kurs<\/option>\n                <option value=\"ysk\">YSK kurs<\/option>\n                <option value=\"truck\">Truck-kurs<\/option>\n                <option value=\"forstehjelp\">F\u00f8rstehjelpskurs<\/option>\n            <\/select>\n            <button type=\"submit\">S\u00f8k<\/button>\n        <\/div>\n    <\/form>\n    <\/div><\/div><\/div><\/div>\n<div class=\"wp-block-group tk-article\"><div class=\"wp-block-group__inner-container\"><figure class=\"wp-block-image size-large is-layout-flow wp-block-group-is-layout-flow\"><img decoding=\"async\" src=\"https:\/\/images.unsplash.com\/photo-1503376780353-7e6692767b70?auto=format&#038;fit=crop&#038;w=1400&#038;q=80\" alt=\"Lastebil p\u00e5 vei\"\/><\/figure>\n<h2 class=\"wp-block-heading\">Popul\u00e6re kurs<\/h2>\n<ul class=\"wp-block-list\"><li><strong>ADR kurs<\/strong>: Obligatorisk for sj\u00e5f\u00f8rer som transporterer farlig gods.<\/li><li><strong>YSK kurs<\/strong>: Etterutdanning for yrkessj\u00e5f\u00f8rer hvert femte \u00e5r.<\/li><li><strong>Truck-kurs<\/strong>: Sertifisering for T1\u2013T8.<\/li><li><strong>F\u00f8rstehjelpskurs<\/strong>: Oppdaterte rutiner for ulykker og skader.<\/li><\/ul>\n<p>Transportkurs.no samler kursleverand\u00f8rer, gir deg oppdaterte krav og gj\u00f8r det lett \u00e5 melde seg p\u00e5.<\/p><\/div><\/div>\n","protected":false},"excerpt":{"rendered":"<p>Hjem \/ Kursoversikt Finn riktig kurs for logistikk og transport ADR, YSK, truck, f\u00f8rstehjelp og flere sertifiseringer samlet p\u00e5 ett sted. Transportkurs.no viser deg kravene, kursleverand\u00f8rer og hvordan du melder deg p\u00e5. Popul\u00e6re kurs ADR kurs: Obligatorisk for sj\u00e5f\u00f8rer som transporterer farlig gods. YSK kurs: Etterutdanning for yrkessj\u00e5f\u00f8rer hvert femte \u00e5r. Truck-kurs: Sertifisering for T1\u2013T8. [&hellip;]<\/p>\n","protected":false},"author":0,"featured_media":0,"parent":0,"menu_order":0,"comment_status":"closed","ping_status":"closed","template":"","meta":{"footnotes":""},"class_list":["post-8","page","type-page","status-publish","hentry"],"yoast_head":"<!-- This site is optimized with the Yoast SEO plugin v27.0 - https:\/\/yoast.com\/product\/yoast-seo-wordpress\/ -->\n<title>Transportkurs - Transportkurs.no<\/title>\n<meta name=\"robots\" content=\"index, follow, max-snippet:-1, max-image-preview:large, max-video-preview:-1\" \/>\n<link rel=\"canonical\" href=\"http:\/\/transportkurs.no\/\" \/>\n<meta property=\"og:locale\" content=\"nb_NO\" \/>\n<meta property=\"og:type\" content=\"article\" \/>\n<meta property=\"og:title\" content=\"Transportkurs - Transportkurs.no\" \/>\n<meta property=\"og:description\" content=\"Hjem \/ Kursoversikt Finn riktig kurs for logistikk og transport ADR, YSK, truck, f\u00f8rstehjelp og flere sertifiseringer samlet p\u00e5 ett sted. Transportkurs.no viser deg kravene, kursleverand\u00f8rer og hvordan du melder deg p\u00e5. Popul\u00e6re kurs ADR kurs: Obligatorisk for sj\u00e5f\u00f8rer som transporterer farlig gods. YSK kurs: Etterutdanning for yrkessj\u00e5f\u00f8rer hvert femte \u00e5r. Truck-kurs: Sertifisering for T1\u2013T8. [&hellip;]\" \/>\n<meta property=\"og:url\" content=\"http:\/\/transportkurs.no\/\" \/>\n<meta property=\"og:site_name\" content=\"Transportkurs.no\" \/>\n<meta property=\"article:modified_time\" content=\"2026-02-20T13:34:04+00:00\" \/>\n<meta property=\"og:image\" content=\"https:\/\/images.unsplash.com\/photo-1503376780353-7e6692767b70?auto=format&fit=crop&w=1400&q=80\" \/>\n<meta name=\"twitter:card\" content=\"summary_large_image\" \/>\n<script type=\"application\/ld+json\" class=\"yoast-schema-graph\">{\"@context\":\"https:\/\/schema.org\",\"@graph\":[{\"@type\":\"WebPage\",\"@id\":\"http:\/\/transportkurs.no\/\",\"url\":\"http:\/\/transportkurs.no\/\",\"name\":\"Transportkurs - Transportkurs.no\",\"isPartOf\":{\"@id\":\"https:\/\/transportkurs.no\/#website\"},\"primaryImageOfPage\":{\"@id\":\"http:\/\/transportkurs.no\/#primaryimage\"},\"image\":{\"@id\":\"http:\/\/transportkurs.no\/#primaryimage\"},\"thumbnailUrl\":\"https:\/\/images.unsplash.com\/photo-1503376780353-7e6692767b70?auto=format&fit=crop&w=1400&q=80\",\"datePublished\":\"2026-02-19T13:49:44+00:00\",\"dateModified\":\"2026-02-20T13:34:04+00:00\",\"breadcrumb\":{\"@id\":\"http:\/\/transportkurs.no\/#breadcrumb\"},\"inLanguage\":\"nb-NO\",\"potentialAction\":[{\"@type\":\"ReadAction\",\"target\":[\"http:\/\/transportkurs.no\/\"]}]},{\"@type\":\"ImageObject\",\"inLanguage\":\"nb-NO\",\"@id\":\"http:\/\/transportkurs.no\/#primaryimage\",\"url\":\"https:\/\/images.unsplash.com\/photo-1503376780353-7e6692767b70?auto=format&fit=crop&w=1400&q=80\",\"contentUrl\":\"https:\/\/images.unsplash.com\/photo-1503376780353-7e6692767b70?auto=format&fit=crop&w=1400&q=80\"},{\"@type\":\"BreadcrumbList\",\"@id\":\"http:\/\/transportkurs.no\/#breadcrumb\",\"itemListElement\":[{\"@type\":\"ListItem\",\"position\":1,\"name\":\"Home\",\"item\":\"http:\/\/transportkurs.no\/\"},{\"@type\":\"ListItem\",\"position\":2,\"name\":\"Transportkurs\"}]},{\"@type\":\"WebSite\",\"@id\":\"https:\/\/transportkurs.no\/#website\",\"url\":\"https:\/\/transportkurs.no\/\",\"name\":\"Transportkurs.no\",\"description\":\"\",\"potentialAction\":[{\"@type\":\"SearchAction\",\"target\":{\"@type\":\"EntryPoint\",\"urlTemplate\":\"https:\/\/transportkurs.no\/?s={search_term_string}\"},\"query-input\":{\"@type\":\"PropertyValueSpecification\",\"valueRequired\":true,\"valueName\":\"search_term_string\"}}],\"inLanguage\":\"nb-NO\"}]}<\/script>\n<!-- \/ Yoast SEO plugin. -->","yoast_head_json":{"title":"Transportkurs - Transportkurs.no","robots":{"index":"index","follow":"follow","max-snippet":"max-snippet:-1","max-image-preview":"max-image-preview:large","max-video-preview":"max-video-preview:-1"},"canonical":"http:\/\/transportkurs.no\/","og_locale":"nb_NO","og_type":"article","og_title":"Transportkurs - Transportkurs.no","og_description":"Hjem \/ Kursoversikt Finn riktig kurs for logistikk og transport ADR, YSK, truck, f\u00f8rstehjelp og flere sertifiseringer samlet p\u00e5 ett sted. Transportkurs.no viser deg kravene, kursleverand\u00f8rer og hvordan du melder deg p\u00e5. Popul\u00e6re kurs ADR kurs: Obligatorisk for sj\u00e5f\u00f8rer som transporterer farlig gods. YSK kurs: Etterutdanning for yrkessj\u00e5f\u00f8rer hvert femte \u00e5r. Truck-kurs: Sertifisering for T1\u2013T8. [&hellip;]","og_url":"http:\/\/transportkurs.no\/","og_site_name":"Transportkurs.no","article_modified_time":"2026-02-20T13:34:04+00:00","og_image":[{"url":"https:\/\/images.unsplash.com\/photo-1503376780353-7e6692767b70?auto=format&fit=crop&w=1400&q=80","type":"","width":"","height":""}],"twitter_card":"summary_large_image","schema":{"@context":"https:\/\/schema.org","@graph":[{"@type":"WebPage","@id":"http:\/\/transportkurs.no\/","url":"http:\/\/transportkurs.no\/","name":"Transportkurs - Transportkurs.no","isPartOf":{"@id":"https:\/\/transportkurs.no\/#website"},"primaryImageOfPage":{"@id":"http:\/\/transportkurs.no\/#primaryimage"},"image":{"@id":"http:\/\/transportkurs.no\/#primaryimage"},"thumbnailUrl":"https:\/\/images.unsplash.com\/photo-1503376780353-7e6692767b70?auto=format&fit=crop&w=1400&q=80","datePublished":"2026-02-19T13:49:44+00:00","dateModified":"2026-02-20T13:34:04+00:00","breadcrumb":{"@id":"http:\/\/transportkurs.no\/#breadcrumb"},"inLanguage":"nb-NO","potentialAction":[{"@type":"ReadAction","target":["http:\/\/transportkurs.no\/"]}]},{"@type":"ImageObject","inLanguage":"nb-NO","@id":"http:\/\/transportkurs.no\/#primaryimage","url":"https:\/\/images.unsplash.com\/photo-1503376780353-7e6692767b70?auto=format&fit=crop&w=1400&q=80","contentUrl":"https:\/\/images.unsplash.com\/photo-1503376780353-7e6692767b70?auto=format&fit=crop&w=1400&q=80"},{"@type":"BreadcrumbList","@id":"http:\/\/transportkurs.no\/#breadcrumb","itemListElement":[{"@type":"ListItem","position":1,"name":"Home","item":"http:\/\/transportkurs.no\/"},{"@type":"ListItem","position":2,"name":"Transportkurs"}]},{"@type":"WebSite","@id":"https:\/\/transportkurs.no\/#website","url":"https:\/\/transportkurs.no\/","name":"Transportkurs.no","description":"","potentialAction":[{"@type":"SearchAction","target":{"@type":"EntryPoint","urlTemplate":"https:\/\/transportkurs.no\/?s={search_term_string}"},"query-input":{"@type":"PropertyValueSpecification","valueRequired":true,"valueName":"search_term_string"}}],"inLanguage":"nb-NO"}]}},"_links":{"self":[{"href":"https:\/\/transportkurs.no\/index.php?rest_route=\/wp\/v2\/pages\/8","targetHints":{"allow":["GET"]}}],"collection":[{"href":"https:\/\/transportkurs.no\/index.php?rest_route=\/wp\/v2\/pages"}],"about":[{"href":"https:\/\/transportkurs.no\/index.php?rest_route=\/wp\/v2\/types\/page"}],"replies":[{"embeddable":true,"href":"https:\/\/transportkurs.no\/index.php?rest_route=%2Fwp%2Fv2%2Fcomments&post=8"}],"version-history":[{"count":1,"href":"https:\/\/transportkurs.no\/index.php?rest_route=\/wp\/v2\/pages\/8\/revisions"}],"predecessor-version":[{"id":9,"href":"https:\/\/transportkurs.no\/index.php?rest_route=\/wp\/v2\/pages\/8\/revisions\/9"}],"wp:attachment":[{"href":"https:\/\/transportkurs.no\/index.php?rest_route=%2Fwp%2Fv2%2Fmedia&parent=8"}],"curies":[{"name":"wp","href":"https:\/\/api.w.org\/{rel}","templated":true}]}}